{"id":341,"date":"2018-01-18T08:48:36","date_gmt":"2018-01-18T08:48:36","guid":{"rendered":"http:\/\/bridge135.qodeinteractive.com\/?page_id=2"},"modified":"2025-06-24T15:56:14","modified_gmt":"2025-06-24T13:56:14","slug":"home","status":"publish","type":"page","link":"https:\/\/caremma.com\/cicloturismo\/","title":{"rendered":"Home"},"content":{"rendered":"<div class=\"wpb-content-wrapper\"><p>[vc_row css_animation=&#8221;&#8221; row_type=&#8221;row&#8221; use_row_as_full_screen_section=&#8221;no&#8221; type=&#8221;full_width&#8221; angled_section=&#8221;no&#8221; text_align=&#8221;left&#8221; background_image_as_pattern=&#8221;without_pattern&#8221;][vc_column][rev_slider_vc alias=&#8221;cicloturismo-Parco-del-Ticino1&#8243;][\/vc_column][\/vc_row][vc_row css_animation=&#8221;element_from_left&#8221; row_type=&#8221;row&#8221; use_row_as_full_screen_section=&#8221;no&#8221; type=&#8221;full_width&#8221; angled_section=&#8221;no&#8221; text_align=&#8221;left&#8221; background_image_as_pattern=&#8221;without_pattern&#8221; z_index=&#8221;&#8221; padding_top=&#8221;50&#8243;][vc_column width=&#8221;1\/2&#8243; css=&#8221;.vc_custom_1718967698218{padding-top: 20% !important;padding-right: 20% !important;padding-bottom: 20% !important;padding-left: 20% !important;}&#8221;][vc_column_text css=&#8221;&#8221;]<strong>Cascina Caremma<\/strong> \u00e8 il luogo di partenza ideale per escursioni in bicicletta all&#8217;esplorazione di uno dei paesaggi pi\u00f9 interessanti del sud-ovest di Milano.<\/p>\n<p>Immersa in una delle zone pi\u00f9 selvagge e meglio conservate del <strong>Parco del Ticino<\/strong>, permette di programmare vacanze brevi e di media durata che spaziano dall&#8217;attivit\u00e0 sportiva alla scoperta dell&#8217;enogastronomia, con la possibilit\u00e0 di godere di un soggiorno rilassante e completo grazie al suo centro benessere &#8220;<strong>NATURE SPA<\/strong>&#8220;.[\/vc_column_text][vc_empty_space]<a  itemprop=\"url\" href=\"\/cicloturismo\/pacchetti\" target=\"_self\" data-hover-border-color='#000000' data-hover-color='#000000' class=\"qbutton  big_large center default\" style=\"\">SCOPRI DI PIU'<\/a>[\/vc_column][vc_column width=&#8221;1\/2&#8243;][vc_gallery interval=&#8221;3&#8243; images=&#8221;381,379,469,380,382,383,470,384,496,497&#8243; img_size=&#8221;1000&#215;1000&#8243; onclick=&#8221;&#8221; css=&#8221;&#8221;][\/vc_column][\/vc_row][vc_row css_animation=&#8221;&#8221; row_type=&#8221;row&#8221; use_row_as_full_screen_section=&#8221;no&#8221; type=&#8221;grid&#8221; angled_section=&#8221;no&#8221; text_align=&#8221;left&#8221; background_image_as_pattern=&#8221;without_pattern&#8221; z_index=&#8221;&#8221;][vc_column][vc_column_text css=&#8221;.vc_custom_1727180986058{padding-top: 10% !important;padding-right: 10% !important;padding-bottom: 10% !important;padding-left: 10% !important;}&#8221;]<\/p>\n<h1 style=\"text-align: center;\">Tra Parco del Ticino e Parco agricolo<\/h1>\n<p>Il fiume Ticino, che lambisce la nostra cascina, crea un ambiente ricco di risorse idriche. Fontanili e canali irrigui giocano un ruolo cruciale nel mantenimento della fertilit\u00e0 del terreno e nel sostegno alla biodiversit\u00e0. Il Parco, polmone verde a Sud di Milano, \u00e8 scelto dagli uccelli come rotta migratoria per l&#8217;abbondanza di ripari e di cibo. La sua costa Est si affaccia sul Parco Agricolo Sud Milano, anch&#8217;esso attraversato da vari corsi d&#8217;acqua, inclusi i navigli, fondamentali per l&#8217;irrigazione dei campi agricoli.<br \/>\nQuesti corsi d&#8217;acqua creano un paesaggio unico nel suo genere, nonch\u00e9 un ambiente umido favorevole a diverse specie animali e vegetali.[\/vc_column_text][\/vc_column][\/vc_row][vc_row css_animation=&#8221;element_from_right&#8221; row_type=&#8221;row&#8221; use_row_as_full_screen_section=&#8221;no&#8221; type=&#8221;full_width&#8221; angled_section=&#8221;no&#8221; text_align=&#8221;left&#8221; background_image_as_pattern=&#8221;without_pattern&#8221; z_index=&#8221;&#8221; padding_top=&#8221;50&#8243;][vc_column width=&#8221;1\/2&#8243;][vc_gallery interval=&#8221;3&#8243; images=&#8221;490,504,394,505&#8243; img_size=&#8221;1000&#215;1000&#8243; onclick=&#8221;&#8221; css=&#8221;&#8221;][\/vc_column][vc_column width=&#8221;1\/2&#8243; css=&#8221;.vc_custom_1718903546634{padding: 20% !important;}&#8221;][vc_column_text css=&#8221;&#8221;]<\/p>\n<h2>Natura, storia e agricoltura<\/h2>\n<p>Il territorio tra il <strong>Parco del Ticino<\/strong> e il <strong>Parco Agricolo Sud Milano<\/strong>, nella zona di Morimondo, presenta una serie di caratteristiche naturali, morfologiche, agricole e architettoniche uniche. Un perfetto connubio tra natura e intervento umano che crea un paesaggio ricco di storia, biodiversit\u00e0 e produttivit\u00e0 agricola.[\/vc_column_text][vc_empty_space]<a  itemprop=\"url\" href=\"\/cicloturismo\/pacchetti\" target=\"_self\" data-hover-border-color='#000000' data-hover-color='#000000' class=\"qbutton  big_large center default\" style=\"\">SCOPRI I PACCHETTI<\/a>[\/vc_column][\/vc_row][vc_row row_type=&#8221;parallax&#8221; parallax_content_width=&#8221;in_grid&#8221; text_align=&#8221;left&#8221; full_screen_section_height=&#8221;yes&#8221; vertically_align_content_in_middle=&#8221;yes&#8221; background_image=&#8221;515&#8243;][vc_column][vc_column_text css=&#8221;.vc_custom_1721047822217{padding-top: 10% !important;padding-right: 10% !important;padding-bottom: 10% !important;padding-left: 10% !important;}&#8221; el_class=&#8221;white-text-big&#8221;]<\/p>\n<h2>Piano, un poco mosso<\/h2>\n<p>Un territorio prevalentemente pianeggiante con leggere ondulazioni dovute alla presenza di antiche dune fluviali, da cui il nome &#8220;Valle del Ticino&#8221;, tutta da esplorare.[\/vc_column_text][\/vc_column][\/vc_row][vc_row css_animation=&#8221;&#8221; row_type=&#8221;row&#8221; use_row_as_full_screen_section=&#8221;no&#8221; type=&#8221;grid&#8221; angled_section=&#8221;no&#8221; text_align=&#8221;left&#8221; background_image_as_pattern=&#8221;without_pattern&#8221; z_index=&#8221;&#8221; padding_top=&#8221;50&#8243; padding_bottom=&#8221;50&#8243;][vc_column width=&#8221;1\/3&#8243;][vc_single_image image=&#8221;547&#8243; img_size=&#8221;800&#215;600&#8243; css=&#8221;&#8221; qode_css_animation=&#8221;&#8221;][vc_column_text css=&#8221;.vc_custom_1718963572493{padding-top: 10% !important;padding-right: 10% !important;padding-bottom: 10% !important;padding-left: 10% !important;}&#8221;]<\/p>\n<h3>Agricoltura<\/h3>\n<p><span style=\"font-weight: 400;\">L&#8217;agricoltura \u00e8 una delle attivit\u00e0 principali nella zona dell&#8217;Est Ticino. Si coltivano cereali, riso, ortaggi e foraggi. Grazie alla presenza di aziende agricole biologiche come la nostra, che mantengono metodi di coltivazione sostenibili, l&#8217;ambiente \u00e8 ben conservato e ricco di biodiversit\u00e0. In Primavera le risaie si mostrano come splendidi piccoli laghi, trasformando il paesaggio.<\/span>[\/vc_column_text][\/vc_column][vc_column width=&#8221;1\/3&#8243;][vc_single_image image=&#8221;548&#8243; img_size=&#8221;800&#215;600&#8243; css=&#8221;&#8221; qode_css_animation=&#8221;&#8221;][vc_column_text css=&#8221;.vc_custom_1727181235410{padding-top: 10% !important;padding-right: 10% !important;padding-bottom: 10% !important;padding-left: 10% !important;}&#8221;]<\/p>\n<h3>Storia tra Monumenti e Ville<\/h3>\n<p>Il parco conserva anche un importante patrimonio storico e architettonico, con numerose cascine storiche, abbazie, chiese rurali e ville. Tra i monumenti pi\u00f9 noti nei pressi di Caremma troviamo l&#8217;Abbazia di Morimondo. Fondata nel 1134 dai monaci cistercensi, \u00e8 un esempio notevole di architettura romanica lombarda di grande interesse turistico e storico.[\/vc_column_text][\/vc_column][vc_column width=&#8221;1\/3&#8243;][vc_single_image image=&#8221;537&#8243; img_size=&#8221;800&#215;600&#8243; css=&#8221;&#8221; qode_css_animation=&#8221;&#8221;][vc_column_text css=&#8221;.vc_custom_1727181200632{padding-top: 10% !important;padding-right: 10% !important;padding-bottom: 10% !important;padding-left: 10% !important;}&#8221;]<\/p>\n<h3>Architettura Rurale<\/h3>\n<p>Gli insediamenti agricoli sono parte del paesaggio e rappresentano un&#8217;importante testimonianza della vita di un tempo: numerose cascine, grance, case dei braccianti. Alcune, come Caremma, costruite tra il XVII e il XIX secolo. La casa padronale e le strutture come stalle, fienili e depositi per attrezzi agricoli, presentano cortili interni e architetture uniche.[\/vc_column_text][\/vc_column][\/vc_row][vc_row row_type=&#8221;parallax&#8221; parallax_content_width=&#8221;in_grid&#8221; text_align=&#8221;left&#8221; full_screen_section_height=&#8221;yes&#8221; vertically_align_content_in_middle=&#8221;yes&#8221; background_image=&#8221;530&#8243;][vc_column css=&#8221;.vc_custom_1719921304605{padding: 10% !important;}&#8221;][vc_column_text css=&#8221;&#8221; el_class=&#8221;white-text-big&#8221;]<\/p>\n<h3>Immersi nel verde, osservati dalla fauna selvatica<\/h3>\n<p><span style=\"font-weight: 400;\">Pedala fra foreste di querce, pioppi, salici e ontani. La bicicletta \u00e8 il mezzo pi\u00f9 adatto per visitare un ambiente abitato da numerose specie di uccelli, piccoli mammiferi, rettili e insetti.\u00a0<\/span><\/p>\n<p><strong>Aironi, Cicogne, Garzette e Ibis sono incontri quotidiani<\/strong>[\/vc_column_text][vc_empty_space]<a  itemprop=\"url\" href=\"\/cicloturismo\/percorsi\" target=\"_self\" data-hover-border-color='#ffffff' data-hover-color='#ffffff' class=\"qbutton  big_large center default\" style=\"\">PERCORSI<\/a>[\/vc_column][\/vc_row][vc_row css_animation=&#8221;&#8221; row_type=&#8221;row&#8221; use_row_as_full_screen_section=&#8221;no&#8221; type=&#8221;full_width&#8221; angled_section=&#8221;no&#8221; text_align=&#8221;left&#8221; background_image_as_pattern=&#8221;without_pattern&#8221; z_index=&#8221;&#8221; padding_top=&#8221;50&#8243; padding_bottom=&#8221;50&#8243;][vc_column width=&#8221;1\/2&#8243;][vc_gallery interval=&#8221;3&#8243; images=&#8221;539,540,543,546,541&#8243; img_size=&#8221;1000&#215;1000&#8243; css=&#8221;&#8221;][\/vc_column][vc_column width=&#8221;1\/2&#8243; css=&#8221;.vc_custom_1718967903175{padding: 20% !important;}&#8221;][vc_column_text css=&#8221;&#8221;]<\/p>\n<h3>Naviglio Grande<\/h3>\n<p>Il Naviglio Grande \u00e8 il pi\u00f9 antico e il pi\u00f9 lungo dei navigli milanesi, con una lunghezza di circa 50 km. Parte dal Ticino, vicino a <strong>Tornavento<\/strong>, e raggiunge la Darsena di <strong>Porta Ticinese a Milano<\/strong>. Serviva principalmente per il trasporto delle merci, specialmente del marmo utilizzato per la costruzione del Duomo di Milano. La ciclabile che lo costeggia \u00e8 resa ancora pi\u00f9 interessante da ville storiche, cascine, mulini e chiese.<\/p>\n<h3>Naviglio di Bereguardo<\/h3>\n<p>Il Naviglio di Bereguardo si dirama dal Naviglio Grande a Abbiategrasso e termina a Bereguardo. Mantiene la sua funzione irrigua ed il suo percorso alterna conche, chiuse, ponti e strutture storiche. \u00c8 molto apprezzato da ciclisti di ogni tipo.[\/vc_column_text][vc_column_text css=&#8221;.vc_custom_1718963780866{padding-top: 20% !important;padding-right: 20% !important;padding-bottom: 20% !important;padding-left: 20% !important;}&#8221; el_class=&#8221;nascosto&#8221;]<\/p>\n<h3>Naviglio Grande<\/h3>\n<p>Il Naviglio Grande \u00e8 il pi\u00f9 antico e il pi\u00f9 lungo dei navigli milanesi, con una lunghezza di circa 50 km. Parte dal Ticino, vicino a <strong>Tornavento<\/strong>, e raggiunge la Darsena di <strong>Porta Ticinese a Milano<\/strong>. Fu completato nel 1272 e serviva principalmente per il trasporto delle merci, specialmente del marmo utilizzato per la costruzione del Duomo di Milano.<\/p>\n<p>Il corso d&#8217;acqua \u00e8 caratterizzato da un paesaggio suggestivo con ville storiche, cascine, mulini e chiese lungo le sue sponde.<\/p>\n<p>il Parco Agricolo Sud Milano e i navigli di Bereguardo e Grande rappresentano un territorio di grande valore agricolo, naturale e storico, offrendo molte opportunit\u00e0 per attivit\u00e0 all&#8217;aperto, esplorazioni culturali e relax in mezzo alla natura<\/p>\n<h3>Naviglio di Bereguardo<\/h3>\n<p>Il Naviglio di Bereguardo \u00e8 un canale artificiale che si dirama dal Naviglio Grande a Abbiategrasso e termina a Bereguardo. Costruito nel XV secolo, il naviglio ha una lunghezza di circa 19 km e fu originariamente progettato per scopi irrigui e per facilitare la navigazione. Le sue sponde del sono caratterizzate da una vegetazione rigogliosa e da un ambiente naturale che ospita diverse specie animali e vegetali.<\/p>\n<p>Lungo il naviglio si trovano numerose chiuse, ponti e strutture storiche che testimoniano l&#8217;importanza del canale nel passato.<\/p>\n<p>\u00c8 un luogo ideale per passeggiate, ciclismo e attivit\u00e0 all&#8217;aperto.[\/vc_column_text][vc_empty_space]<a  itemprop=\"url\" href=\"https:\/\/caremma.com\/cicloturismo\/category\/percorsi-in-bicicletta-nel-parco\/navigli\/\" target=\"_self\" data-hover-border-color='#000000' data-hover-color='#000000' class=\"qbutton  big_large center default\" style=\"\">I NAVIGLI PEDALANDO<\/a>[\/vc_column][\/vc_row][vc_row row_type=&#8221;parallax&#8221; parallax_content_width=&#8221;in_grid&#8221; text_align=&#8221;right&#8221; full_screen_section_height=&#8221;yes&#8221; vertically_align_content_in_middle=&#8221;yes&#8221; background_image=&#8221;388&#8243;][vc_column]<a  itemprop=\"url\" href=\"\/cicloturismo\/percorsi\" target=\"_self\" data-hover-border-color='#ffffff' data-hover-color='#ffffff' class=\"qbutton  big_large default\" style=\"\">SCOPRI I PERCORSI<\/a>[\/vc_column][\/vc_row][vc_row css_animation=&#8221;element_from_right&#8221; row_type=&#8221;row&#8221; use_row_as_full_screen_section=&#8221;no&#8221; type=&#8221;full_width&#8221; angled_section=&#8221;no&#8221; text_align=&#8221;left&#8221; background_image_as_pattern=&#8221;without_pattern&#8221; z_index=&#8221;&#8221; padding_top=&#8221;50&#8243; padding_bottom=&#8221;50&#8243;][vc_column width=&#8221;1\/2&#8243;][vc_single_image image=&#8221;393&#8243; img_size=&#8221;1000&#215;1000&#8243; css=&#8221;&#8221; qode_css_animation=&#8221;&#8221;][\/vc_column][vc_column width=&#8221;1\/2&#8243; css=&#8221;.vc_custom_1718376821277{padding: 20% !important;}&#8221;][vc_column_text css=&#8221;&#8221;]<\/p>\n<h2>Noleggia la bici che fa per te<\/h2>\n<ul>\n<li>Preferisci strade asfaltate, sterrati e sentieri o di tutto un po&#8217;?<\/li>\n<li>Quanto spesso vai in bicicletta?<\/li>\n<li>Ti senti cicloturista o fai escursioni saltuarie?<\/li>\n<li>Ti piace avere un aiutino o la fatica non ti spaventa?<\/li>\n<\/ul>\n<p>Poche domande ti permetteranno di scegliere la bici adatta alla tua avventura nel Parco del Ticino.[\/vc_column_text]<a  itemprop=\"url\" href=\"\/cicloturismo\/noleggia-una-bici-ebike\" target=\"_self\" data-hover-border-color='#000000' data-hover-color='#000000' class=\"qbutton  big_large center default\" style=\"\">Noleggia una bici<\/a>[\/vc_column][\/vc_row][vc_row css_animation=&#8221;element_from_fade&#8221; row_type=&#8221;row&#8221; use_row_as_full_screen_section=&#8221;no&#8221; type=&#8221;full_width&#8221; angled_section=&#8221;no&#8221; text_align=&#8221;center&#8221; background_image_as_pattern=&#8221;without_pattern&#8221; css=&#8221;.vc_custom_1718715486265{padding-top: 10% !important;padding-bottom: 10% !important;border-color: #990000 !important;}&#8221; el_class=&#8221;white-text&#8221; z_index=&#8221;&#8221; transition_delay=&#8221;600&#8243; background_color=&#8221;#900000&#8243;][vc_column css_animation=&#8221;none&#8221;][vc_column_text css=&#8221;&#8221; el_class=&#8221;big&#8221;]<\/p>\n<h2>Pacchetti per il cicloturismo<\/h2>\n<p>[\/vc_column_text][vc_single_image image=&#8221;457&#8243; img_size=&#8221;medium&#8221; alignment=&#8221;center&#8221; css=&#8221;.vc_custom_1718705693659{padding-top: 50px !important;padding-bottom: 50px !important;}&#8221; qode_css_animation=&#8221;&#8221;]<a  itemprop=\"url\" href=\"\/cicloturismo\/pacchetti\" target=\"_self\"  class=\"qbutton  big_large default\" style=\"border-color: #ffffff; \">SCOPRI I PACCHETTI CAREMMA<\/a>[vc_empty_space][vc_column_text css=&#8221;&#8221; el_class=&#8221;big&#8221;]<\/p>\n<h3>Proposte per rendere la tua esperienza pi\u00f9 completa<\/h3>\n<p>[\/vc_column_text][\/vc_column][\/vc_row][vc_row css_animation=&#8221;&#8221; row_type=&#8221;row&#8221; use_row_as_full_screen_section=&#8221;no&#8221; type=&#8221;full_width&#8221; angled_section=&#8221;no&#8221; text_align=&#8221;left&#8221; background_image_as_pattern=&#8221;without_pattern&#8221; z_index=&#8221;&#8221; padding_top=&#8221;50&#8243; padding_bottom=&#8221;50&#8243;][vc_column width=&#8221;1\/2&#8243;][vc_single_image image=&#8221;950&#8243; img_size=&#8221;full&#8221; alignment=&#8221;center&#8221; css=&#8221;&#8221; qode_css_animation=&#8221;&#8221;][\/vc_column][vc_column width=&#8221;1\/2&#8243; css=&#8221;.vc_custom_1744816705752{padding: 10% !important;}&#8221;][vc_column_text css=&#8221;&#8221;]<\/p>\n<h3>Per i percorsi pi\u00f9 lunghi<\/h3>\n<p><span style=\"font-weight: 400;\">Se scegliete un percorso molto lungo, potete chiedere un passaggio al Caremma Van: un comodo <strong>furgone Mercedes<\/strong><\/span><strong> con Trailer<\/strong>, per il trasporto di gruppi fino a 7 persone con relative bici. Grazie ad esso, potete considerare di estendere la vostra escursione nell&#8217;Oltrep\u00f2, al Lago Maggiore, alle splendide colline del Monferrato[\/vc_column_text][vc_empty_space]<a  itemprop=\"url\" href=\"https:\/\/caremma.com\/cicloturismo\/informazioni-e-contatti\/\" target=\"_self\"  class=\"qbutton  big_large default\" style=\"border-color: #ffffff; \">CHIEDI INFORMAZIONI<\/a>[\/vc_column][\/vc_row]<\/p>\n<\/div>","protected":false},"excerpt":{"rendered":"<p>[vc_row css_animation=&#8221;&#8221; row_type=&#8221;row&#8221; use_row_as_full_screen_section=&#8221;no&#8221; type=&#8221;full_width&#8221; angled_section=&#8221;no&#8221; text_align=&#8221;left&#8221; background_image_as_pattern=&#8221;without_pattern&#8221;][vc_column][rev_slider_vc alias=&#8221;cicloturismo-Parco-del-Ticino1&#8243;][\/vc_column][\/vc_row][vc_row css_animation=&#8221;element_from_left&#8221; row_type=&#8221;row&#8221; use_row_as_full_screen_section=&#8221;no&#8221; type=&#8221;full_width&#8221; angled_section=&#8221;no&#8221; text_align=&#8221;left&#8221; background_image_as_pattern=&#8221;without_pattern&#8221; z_index=&#8221;&#8221; padding_top=&#8221;50&#8243;][vc_column width=&#8221;1\/2&#8243; css=&#8221;.vc_custom_1718967698218{padding-top: 20% !important;padding-right: 20% !important;padding-bottom: 20% !important;padding-left: 20% !important;}&#8221;][vc_column_text css=&#8221;&#8221;]Cascina Caremma \u00e8 il luogo di partenza ideale per escursioni in bicicletta all&#8217;esplorazione di uno dei paesaggi&#8230;<\/p>\n","protected":false},"author":1,"featured_media":0,"parent":0,"menu_order":0,"comment_status":"closed","ping_status":"closed","template":"full_width.php","meta":{"content-type":"","footnotes":""},"class_list":["post-341","page","type-page","status-publish","hentry"],"_links":{"self":[{"href":"https:\/\/caremma.com\/cicloturismo\/wp-json\/wp\/v2\/pages\/341","targetHints":{"allow":["GET"]}}],"collection":[{"href":"https:\/\/caremma.com\/cicloturismo\/wp-json\/wp\/v2\/pages"}],"about":[{"href":"https:\/\/caremma.com\/cicloturismo\/wp-json\/wp\/v2\/types\/page"}],"author":[{"embeddable":true,"href":"https:\/\/caremma.com\/cicloturismo\/wp-json\/wp\/v2\/users\/1"}],"replies":[{"embeddable":true,"href":"https:\/\/caremma.com\/cicloturismo\/wp-json\/wp\/v2\/comments?post=341"}],"version-history":[{"count":143,"href":"https:\/\/caremma.com\/cicloturismo\/wp-json\/wp\/v2\/pages\/341\/revisions"}],"predecessor-version":[{"id":978,"href":"https:\/\/caremma.com\/cicloturismo\/wp-json\/wp\/v2\/pages\/341\/revisions\/978"}],"wp:attachment":[{"href":"https:\/\/caremma.com\/cicloturismo\/wp-json\/wp\/v2\/media?parent=341"}],"curies":[{"name":"wp","href":"https:\/\/api.w.org\/{rel}","templated":true}]}}